{"id":487,"date":"2014-02-17T13:00:23","date_gmt":"2014-02-17T13:00:23","guid":{"rendered":"http:\/\/widmann.net\/wp\/?page_id=487"},"modified":"2022-12-13T11:09:14","modified_gmt":"2022-12-13T11:09:14","slug":"wettkampfe-2014","status":"publish","type":"page","link":"https:\/\/widmann.net\/wp\/wettkampfe-2014\/","title":{"rendered":"Wettkampftermine"},"content":{"rendered":"<p><strong>2023<\/strong><\/p>\n<ul>\n<li>Sparkassen Bike and Run<\/li>\n<li>Rh\u00f6n Cross Duathlon<\/li>\n<li>Ingolstadt Triathlon<\/li>\n<li>Challenge Roth<\/li>\n<li>Infernotriathlon<\/li>\n<li>Xterra Long Distance<\/li>\n<\/ul>\n<p><strong>2022<\/strong><\/p>\n<ul>\n<li>Rh\u00f6n Cross-Duathlon<\/li>\n<li>IRONMAN Aix-en-Provance<\/li>\n<li>W\u00fcrzburg Triathlon<\/li>\n<li>Xterra France<\/li>\n<li>Erlangen Triathlon<\/li>\n<li>Inferno Triathlon<\/li>\n<\/ul>\n<p>2019<\/p>\n<p>Verbier X-Triathlon, Le Ch\u00e2ble, Verbier<\/p>\n<p>IRONMAN Worldchampionship, Kona, Hawaii<\/p>\n<p>2018<\/p>\n<p>IM 70.3 Aix en Provance 13.5.2018<\/p>\n<p>AlpsMan Xtrem Triathlon, Lac d&#8217;Annecy, 9.6.2018<\/p>\n<p>Challenge Prag MD, 29.7.20181<\/p>\n<p>IM 70.3 World Championships, South Africa Port Elithabeth, 1.09.2018<\/p>\n<p>IM Malaysia 17.11.2018<\/p>\n<p>2017<\/p>\n<p>Xterra\u00a0World championship, Hawaii Maui, 29.10.2017<\/p>\n<p>IRONMAN World championship, Hawaii Kona 14.10.2017<\/p>\n<p>Ironman 70.3 Vichy, 28.08.2017<\/p>\n<p>Xterra Switzerland, Vallee de Joux<\/p>\n<p>IRONMAN 70.3 Luxemburg<\/p>\n<p>IRONMAN 70.3 Kraichgau<\/p>\n<p><span style=\"text-decoration: underline;\"><strong>2016<\/strong><\/span><\/p>\n<ul>\n<li>18 June 2016 &#8211; Samoens-Trailtour 34km\u00a0Pos. 22. (04:36:40)<\/li>\n<li>26 June 2016 &#8211; GFNY Mt. Ventoux\u00a0 26.6.2016 127km+34km Pos. 173\u00a0 (5:32:37)<\/li>\n<li>28 July 2016 &#8211; Triathlon Alpe d&#8217;Huez Distance L<\/li>\n<li>27 August 2016 &#8211;\u00a0Triathlon des Gorges de l&#8217;Ard\u00e8che Distance L<\/li>\n<li>2 October 2016 &#8211; \u00a0Natureman Longue Distance, Salles-sur-Verdon, Gorge du Verdon<\/li>\n<li><\/li>\n<\/ul>\n<p><strong>2015<\/strong><\/p>\n<ul>\n<li><strong>12.04.2015 &#8211; AlbGold Fr\u00fchjahrsmarathon (MTB)<\/strong><\/li>\n<li>10.05.2015 &#8211; Welzheim\u00a0HM<\/li>\n<li><strong>28.06.2015 &#8211; Chiemsee Triathlon (MD)<\/strong><\/li>\n<li><strong>26.07.2015 &#8211; Einsteintriathlon Ulm (MD)<\/strong><\/li>\n<li><strong>19.09.2015 &#8211; Seelandtriathlon Murten (MD)<\/strong><\/li>\n<li><strong>10.10.2015 &#8211; IRONMAN World Championships 2015, Hawaii<\/strong><\/li>\n<\/ul>\n","protected":false},"excerpt":{"rendered":"<p>2023 Sparkassen Bike and Run Rh\u00f6n Cross Duathlon Ingolstadt Triathlon Challenge Roth Infernotriathlon Xterra Long Distance 2022 Rh\u00f6n Cross-Duathlon IRONMAN Aix-en-Provance W\u00fcrzburg Triathlon Xterra France Erlangen Triathlon Inferno Triathlon 2019 Verbier X-Triathlon, Le Ch\u00e2ble, Verbier IRONMAN Worldchampionship, Kona, Hawaii 2018 IM 70.3 Aix en Provance 13.5.2018 AlpsMan Xtrem Triathlon, Lac d&#8217;Annecy, 9.6.2018 Challenge Prag MD, &hellip; <\/p>\n<p><a class=\"more-link btn\" href=\"https:\/\/widmann.net\/wp\/wettkampfe-2014\/\">Weiterlesen<\/a><\/p>\n","protected":false},"author":1,"featured_media":0,"parent":0,"menu_order":0,"comment_status":"open","ping_status":"open","template":"","meta":[],"_links":{"self":[{"href":"https:\/\/widmann.net\/wp\/wp-json\/wp\/v2\/pages\/487"}],"collection":[{"href":"https:\/\/widmann.net\/wp\/wp-json\/wp\/v2\/pages"}],"about":[{"href":"https:\/\/widmann.net\/wp\/wp-json\/wp\/v2\/types\/page"}],"author":[{"embeddable":true,"href":"https:\/\/widmann.net\/wp\/wp-json\/wp\/v2\/users\/1"}],"replies":[{"embeddable":true,"href":"https:\/\/widmann.net\/wp\/wp-json\/wp\/v2\/comments?post=487"}],"version-history":[{"count":28,"href":"https:\/\/widmann.net\/wp\/wp-json\/wp\/v2\/pages\/487\/revisions"}],"predecessor-version":[{"id":1596,"href":"https:\/\/widmann.net\/wp\/wp-json\/wp\/v2\/pages\/487\/revisions\/1596"}],"wp:attachment":[{"href":"https:\/\/widmann.net\/wp\/wp-json\/wp\/v2\/media?parent=487"}],"curies":[{"name":"wp","href":"https:\/\/api.w.org\/{rel}","templated":true}]}}